{"id":883,"date":"2021-07-09T10:15:41","date_gmt":"2021-07-09T10:15:41","guid":{"rendered":"http:\/\/wp.sonnebring.se\/home\/"},"modified":"2022-05-24T09:24:06","modified_gmt":"2022-05-24T09:24:06","slug":"hem","status":"publish","type":"page","link":"https:\/\/wp.sonnebring.se\/en\/","title":{"rendered":"Home"},"content":{"rendered":"<link rel=\"stylesheet\" href=\"http:\/\/wp.sonnebring.se\/wp-content\/plugins\/elementor\/assets\/css\/widget-icon-box.min.css\">\n<h1>\n\t\t\t\t\t\tWelcome to<br \/> Sonnebring Engineering &#038; Trading<br \/>\n\t\t\t\t<\/h1>\n<p>\n\t\t\t\t\t\tWe offer the most comprehensive range of special steel profiles in the Nordic region.\t\t\t\t\t<\/p>\n<p>\t\t\t<a href=\"\/en\/kontakt\/\" role=\"button\"><br \/>\n\t\t\t\t\t\tcontact us<br \/>\n\t\t\t\t\t<\/a><\/p>\n<style>\/*! elementor - v3.6.5 - 27-04-2022 *\/\n.elementor-heading-title{padding:0;margin:0;line-height:1}.elementor-widget-heading .elementor-heading-title[class*=elementor-size-]>a{color:inherit;font-size:inherit;line-height:inherit}.elementor-widget-heading .elementor-heading-title.elementor-size-small{font-size:15px}.elementor-widget-heading .elementor-heading-title.elementor-size-medium{font-size:19px}.elementor-widget-heading .elementor-heading-title.elementor-size-large{font-size:29px}.elementor-widget-heading .elementor-heading-title.elementor-size-xl{font-size:39px}.elementor-widget-heading .elementor-heading-title.elementor-size-xxl{font-size:59px}<\/style>\n<h2>view our products<\/h2>\n<style>\/*! elementor - v3.6.5 - 27-04-2022 *\/\n.elementor-widget-image{text-align:center}.elementor-widget-image a{display:inline-block}.elementor-widget-image a img[src$=\".svg\"]{width:48px}.elementor-widget-image img{vertical-align:middle;display:inline-block}<\/style>\n<p>\t\t\t\t\t\t\t\t\t\t\t\t<img decoding=\"async\" width=\"1024\" height=\"476\" src=\"http:\/\/wp.sonnebring.se\/wp-content\/uploads\/2022\/04\/foto_stalma_4-e1653040637389-1024x476.jpg\" alt=\"\" loading=\"lazy\" srcset=\"http:\/\/wp.sonnebring.se\/wp-content\/uploads\/2022\/04\/foto_stalma_4-e1653040637389-1024x476.jpg 1024w, http:\/\/wp.sonnebring.se\/wp-content\/uploads\/2022\/04\/foto_stalma_4-e1653040637389-300x140.jpg 300w, http:\/\/wp.sonnebring.se\/wp-content\/uploads\/2022\/04\/foto_stalma_4-e1653040637389-768x357.jpg 768w, http:\/\/wp.sonnebring.se\/wp-content\/uploads\/2022\/04\/foto_stalma_4-e1653040637389-18x8.jpg 18w, http:\/\/wp.sonnebring.se\/wp-content\/uploads\/2022\/04\/foto_stalma_4-e1653040637389.jpg 1400w\" sizes=\"auto, (max-width: 1024px) 100vw, 1024px\" \/>\t\t\t\t\t\t\t\t\t\t\t\t\t\t\t<\/p>\n<h2>Bright bars<\/h2>\n<p>The product range consists of cold drawn, shell-turned and ground rod.<\/p>\n<p>\t\t\t<a href=\"\/en\/blank-stang\/\" role=\"button\"><br \/>\n\t\t\t\t\t\tBright bars<br \/>\n\t\t\t\t\t<\/a><br \/>\n\t\t\t\t\t\t\t\t\t\t\t\t\t\t\t<img decoding=\"async\" width=\"320\" height=\"250\" src=\"http:\/\/wp.sonnebring.se\/wp-content\/uploads\/2022\/04\/start5-320x250-1.jpg\" alt=\"\" loading=\"lazy\" srcset=\"http:\/\/wp.sonnebring.se\/wp-content\/uploads\/2022\/04\/start5-320x250-1.jpg 320w, http:\/\/wp.sonnebring.se\/wp-content\/uploads\/2022\/04\/start5-320x250-1-300x234.jpg 300w\" sizes=\"auto, (max-width: 320px) 100vw, 320px\" \/>\t\t\t\t\t\t\t\t\t\t\t\t\t\t\t<\/p>\n<h2>Hot rolled bars<\/h2>\n<p>The product range consists of hot-rolled flat and 4K bars as well as symmetrical profiles.<\/p>\n<p>\t\t\t<a href=\"\/en\/varmvalsad-stang\/\" role=\"button\"><br \/>\n\t\t\t\t\t\tHot rolled bars<br \/>\n\t\t\t\t\t<\/a><br \/>\n\t\t\t\t\t\t\t\t\t\t\t\t\t\t\t<img decoding=\"async\" width=\"320\" height=\"250\" src=\"http:\/\/wp.sonnebring.se\/wp-content\/uploads\/2022\/04\/start13-320x250-1.jpg\" alt=\"\" loading=\"lazy\" srcset=\"http:\/\/wp.sonnebring.se\/wp-content\/uploads\/2022\/04\/start13-320x250-1.jpg 320w, http:\/\/wp.sonnebring.se\/wp-content\/uploads\/2022\/04\/start13-320x250-1-300x234.jpg 300w\" sizes=\"auto, (max-width: 320px) 100vw, 320px\" \/>\t\t\t\t\t\t\t\t\t\t\t\t\t\t\t<\/p>\n<h2>Special profiles<\/h2>\n<p>The product range consists of cold-drawn, hot-rolled, cold-rolled, extruded (extruded) and roll-shaped profiles, which cover most needs.<\/p>\n<p>\t\t\t<a href=\"\/en\/Specialprofiler\/\" role=\"button\"><br \/>\n\t\t\t\t\t\tSpecial profiles<br \/>\n\t\t\t\t\t<\/a><br \/>\n\t\t\t\t\t\t\t\t\t\t\t\t\t\t\t<img decoding=\"async\" width=\"1024\" height=\"682\" src=\"http:\/\/wp.sonnebring.se\/wp-content\/uploads\/2022\/05\/Bild-trad-1024x682.jpg\" alt=\"\" loading=\"lazy\" srcset=\"http:\/\/wp.sonnebring.se\/wp-content\/uploads\/2022\/05\/Bild-trad-1024x682.jpg 1024w, http:\/\/wp.sonnebring.se\/wp-content\/uploads\/2022\/05\/Bild-trad-300x200.jpg 300w, http:\/\/wp.sonnebring.se\/wp-content\/uploads\/2022\/05\/Bild-trad-768x512.jpg 768w, http:\/\/wp.sonnebring.se\/wp-content\/uploads\/2022\/05\/Bild-trad-1536x1023.jpg 1536w, http:\/\/wp.sonnebring.se\/wp-content\/uploads\/2022\/05\/Bild-trad-18x12.jpg 18w, http:\/\/wp.sonnebring.se\/wp-content\/uploads\/2022\/05\/Bild-trad.jpg 1681w\" sizes=\"auto, (max-width: 1024px) 100vw, 1024px\" \/>\t\t\t\t\t\t\t\t\t\t\t\t\t\t\t<\/p>\n<h2>Wire<\/h2>\n<p>The product range consists of drawn, flat-rolled and copper-plated wire.<\/p>\n<p>\t\t\t<a href=\"\/en\/trad\/\" role=\"button\"><br \/>\n\t\t\t\t\t\twire<br \/>\n\t\t\t\t\t<\/a><\/p>\n<style>\/*! elementor - v3.6.5 - 27-04-2022 *\/\n.elementor-widget-image-box .elementor-image-box-content{width:100%}@media (min-width:768px){.elementor-widget-image-box.elementor-position-left .elementor-image-box-wrapper,.elementor-widget-image-box.elementor-position-right .elementor-image-box-wrapper{display:-webkit-box;display:-ms-flexbox;display:flex}.elementor-widget-image-box.elementor-position-right .elementor-image-box-wrapper{text-align:right;-webkit-box-orient:horizontal;-webkit-box-direction:reverse;-ms-flex-direction:row-reverse;flex-direction:row-reverse}.elementor-widget-image-box.elementor-position-left .elementor-image-box-wrapper{text-align:left;-webkit-box-orient:horizontal;-webkit-box-direction:normal;-ms-flex-direction:row;flex-direction:row}.elementor-widget-image-box.elementor-position-top .elementor-image-box-img{margin:auto}.elementor-widget-image-box.elementor-vertical-align-top .elementor-image-box-wrapper{-webkit-box-align:start;-ms-flex-align:start;align-items:flex-start}.elementor-widget-image-box.elementor-vertical-align-middle .elementor-image-box-wrapper{-webkit-box-align:center;-ms-flex-align:center;align-items:center}.elementor-widget-image-box.elementor-vertical-align-bottom .elementor-image-box-wrapper{-webkit-box-align:end;-ms-flex-align:end;align-items:flex-end}}@media (max-width:767px){.elementor-widget-image-box .elementor-image-box-img{margin-left:auto!important;margin-right:auto!important;margin-bottom:15px}}.elementor-widget-image-box .elementor-image-box-img{display:inline-block}.elementor-widget-image-box .elementor-image-box-title a{color:inherit}.elementor-widget-image-box .elementor-image-box-wrapper{text-align:center}.elementor-widget-image-box .elementor-image-box-description{margin:0}<\/style>\n<h4>Your profile, our main objective<\/h4>\n<p>We offer advanced cold-drawn, cold-rolled, hot-rolled, extruded (extruded) and roll-shaped steel profiles, to cover most needs. Materials can be both carbon steel, stainless steel and simpler tool steel and the profiles can be designed within a wide dimension range in terms of cross section<\/p>\n<p>\t\t\t<a href=\"\/en\/kontakt\/\" role=\"button\"><br \/>\n\t\t\t\t\t\tContact us<br \/>\n\t\t\t\t\t<\/a><\/p>\n<style>\/*! elementor-pro - v3.7.1 - 16-05-2022 *\/\n.elementor-slides .swiper-slide-bg{background-size:cover;background-position:50%;background-repeat:no-repeat;min-width:100%;min-height:100%}.elementor-slides .swiper-slide-inner{background-repeat:no-repeat;background-position:50%;position:absolute;top:0;left:0;bottom:0;right:0;padding:50px;margin:auto}.elementor-slides .swiper-slide-inner,.elementor-slides .swiper-slide-inner:hover{color:#fff;display:-webkit-box;display:-ms-flexbox;display:flex}.elementor-slides .swiper-slide-inner .elementor-background-overlay{position:absolute;z-index:0;top:0;bottom:0;left:0;right:0}.elementor-slides .swiper-slide-inner .elementor-slide-content{position:relative;z-index:1;width:100%}.elementor-slides .swiper-slide-inner .elementor-slide-heading{font-size:35px;font-weight:700;line-height:1}.elementor-slides .swiper-slide-inner .elementor-slide-description{font-size:17px;line-height:1.4}.elementor-slides .swiper-slide-inner .elementor-slide-description:not(:last-child),.elementor-slides .swiper-slide-inner .elementor-slide-heading:not(:last-child){margin-bottom:30px}.elementor-slides .swiper-slide-inner .elementor-slide-button{border:2px solid #fff;color:#fff;background:transparent;display:inline-block}.elementor-slides .swiper-slide-inner .elementor-slide-button,.elementor-slides .swiper-slide-inner .elementor-slide-button:hover{background:transparent;color:inherit;text-decoration:none}.elementor--v-position-top .swiper-slide-inner{-webkit-box-align:start;-ms-flex-align:start;align-items:flex-start}.elementor--v-position-bottom .swiper-slide-inner{-webkit-box-align:end;-ms-flex-align:end;align-items:flex-end}.elementor--v-position-middle .swiper-slide-inner{-webkit-box-align:center;-ms-flex-align:center;align-items:center}.elementor--h-position-left .swiper-slide-inner{-webkit-box-pack:start;-ms-flex-pack:start;justify-content:flex-start}.elementor--h-position-right .swiper-slide-inner{-webkit-box-pack:end;-ms-flex-pack:end;justify-content:flex-end}.elementor--h-position-center .swiper-slide-inner{-webkit-box-pack:center;-ms-flex-pack:center;justify-content:center}body.rtl .elementor-widget-slides .elementor-swiper-button-next{left:10px;right:auto}body.rtl .elementor-widget-slides .elementor-swiper-button-prev{right:10px;left:auto}.elementor-slides-wrapper div:not(.swiper-slide)>.swiper-slide-inner{display:none}@media (max-width:767px){.elementor-slides .swiper-slide-inner{padding:30px}.elementor-slides .swiper-slide-inner .elementor-slide-heading{font-size:23px;line-height:1;margin-bottom:15px}.elementor-slides .swiper-slide-inner .elementor-slide-description{font-size:13px;line-height:1.4;margin-bottom:15px}}<\/style>\n<h2>Our agencies<\/h2>\n<style>\/*! elementor - v3.6.5 - 27-04-2022 *\/\n.elementor-widget-image-carousel .swiper-container{position:static}.elementor-widget-image-carousel .swiper-container .swiper-slide figure{line-height:inherit}.elementor-widget-image-carousel .swiper-slide{text-align:center}.elementor-image-carousel-wrapper:not(.swiper-container-initialized) .swiper-slide{max-width:calc(100% \/ var(--e-image-carousel-slides-to-show, 3))}<\/style>\n<figure><img decoding=\"async\" src=\"http:\/\/wp.sonnebring.se\/wp-content\/uploads\/2022\/04\/Calvi_spa-3-e1607972770542-300x128.png\" alt=\"Calvi_spa-3-e1607972770542\" \/><\/figure>\n<figure><img decoding=\"async\" src=\"http:\/\/wp.sonnebring.se\/wp-content\/uploads\/2022\/04\/logo.png\" alt=\"logo\" \/><\/figure>\n<figure><img decoding=\"async\" src=\"http:\/\/wp.sonnebring.se\/wp-content\/uploads\/2022\/04\/logo_losal-300x150.png\" alt=\"logo_losal\" \/><\/figure>\n<figure><img decoding=\"async\" src=\"http:\/\/wp.sonnebring.se\/wp-content\/uploads\/2022\/04\/logo_nueva_incal.png\" alt=\"logo_nueva_incal\" \/><\/figure>\n<figure><img decoding=\"async\" src=\"http:\/\/wp.sonnebring.se\/wp-content\/uploads\/2022\/04\/logo_STALMA_poziom-2-300x150-1.png\" alt=\"logo_STALMA_poziom-2-300x150\" \/><\/figure>\n<figure><img decoding=\"async\" src=\"http:\/\/wp.sonnebring.se\/wp-content\/uploads\/2022\/04\/logo-sika-black.png\" alt=\"logo-sika-black\" \/><\/figure>\n<figure><img decoding=\"async\" src=\"http:\/\/wp.sonnebring.se\/wp-content\/uploads\/2022\/04\/rugui-logo-300x300.jpg\" alt=\"rugui-logo\" \/><\/figure>\n<figure><img decoding=\"async\" src=\"http:\/\/wp.sonnebring.se\/wp-content\/uploads\/2022\/04\/siat-logo-blue-300x100.png\" alt=\"siat-logo-blue\" \/><\/figure>\n<figure><img decoding=\"async\" src=\"http:\/\/wp.sonnebring.se\/wp-content\/uploads\/2022\/04\/SIPA_spa-e1609262831849-new-up-300x128.png\" alt=\"SIPA_spa-e1609262831849-new-up\" \/><\/figure>\n<p>\t\t\t\t\t\t\t\t\t\t\t\tF\u00f6reg\u00e5ende<br \/>\n\t\t\t\t\t\t\t\t\t\t\t\tN\u00e4sta<\/p>\n<h2>Do you need steel profiles?<\/h2>\n<p>Do you have questions or concerns about steel profiles<\/p>\n<p>\t\t\t<a href=\"\/en\/kontakt\/\" role=\"button\"><br \/>\n\t\t\t\t\t\tContact us<br \/>\n\t\t\t\t\t<\/a><\/p>","protected":false},"excerpt":{"rendered":"<p>V\u00e4lkommen till Sonnebring Engineering &#038; Trading Vi erbjuder det mest helt\u00e4ckande sortimentet av specialprofiler i st\u00e5l i Norden. kontakta oss V\u00e5ra produkter Blank st\u00e5ng Produktprogrammet best\u00e5r av kalldragen, skalsvarvad och slipad st\u00e5ng. blank st\u00e5ng Varmvalsad st\u00e5ng Produktprogrammet best\u00e5r av varmvalsad platt- och 4K-st\u00e5ng samt symmetriska profiler. Varmvalsad st\u00e5ng Specialprofiler Produktprogrammet best\u00e5r av kalldragna, varmvalsade, kallvalsade, [&hellip;]<\/p>","protected":false},"author":3,"featured_media":0,"parent":0,"menu_order":0,"comment_status":"closed","ping_status":"closed","template":"","meta":{"site-sidebar-layout":"no-sidebar","site-content-layout":"page-builder","ast-site-content-layout":"default","site-content-style":"default","site-sidebar-style":"default","ast-global-header-display":"","ast-banner-title-visibility":"","ast-main-header-display":"","ast-hfb-above-header-display":"","ast-hfb-below-header-display":"","ast-hfb-mobile-header-display":"","site-post-title":"disabled","ast-breadcrumbs-content":"disabled","ast-featured-img":"disabled","footer-sml-layout":"","ast-disable-related-posts":"","theme-transparent-header-meta":"enabled","adv-header-id-meta":"","stick-header-meta":"","header-above-stick-meta":"","header-main-stick-meta":"","header-below-stick-meta":"","astra-migrate-meta-layouts":"default","ast-page-background-enabled":"default","ast-page-background-meta":{"desktop":{"background-color":"","background-image":"","background-repeat":"repeat","background-position":"center center","background-size":"auto","background-attachment":"scroll","background-type":"","background-media":"","overlay-type":"","overlay-color":"","overlay-opacity":"","overlay-gradient":""},"tablet":{"background-color":"","background-image":"","background-repeat":"repeat","background-position":"center center","background-size":"auto","background-attachment":"scroll","background-type":"","background-media":"","overlay-type":"","overlay-color":"","overlay-opacity":"","overlay-gradient":""},"mobile":{"background-color":"","background-image":"","background-repeat":"repeat","background-position":"center center","background-size":"auto","background-attachment":"scroll","background-type":"","background-media":"","overlay-type":"","overlay-color":"","overlay-opacity":"","overlay-gradient":""}},"ast-content-background-meta":{"desktop":{"background-color":"var(--ast-global-color-5)","background-image":"","background-repeat":"repeat","background-position":"center center","background-size":"auto","background-attachment":"scroll","background-type":"","background-media":"","overlay-type":"","overlay-color":"","overlay-opacity":"","overlay-gradient":""},"tablet":{"background-color":"var(--ast-global-color-5)","background-image":"","background-repeat":"repeat","background-position":"center center","background-size":"auto","background-attachment":"scroll","background-type":"","background-media":"","overlay-type":"","overlay-color":"","overlay-opacity":"","overlay-gradient":""},"mobile":{"background-color":"var(--ast-global-color-5)","background-image":"","background-repeat":"repeat","background-position":"center center","background-size":"auto","background-attachment":"scroll","background-type":"","background-media":"","overlay-type":"","overlay-color":"","overlay-opacity":"","overlay-gradient":""}},"footnotes":""},"class_list":["post-883","page","type-page","status-publish","hentry"],"_links":{"self":[{"href":"https:\/\/wp.sonnebring.se\/en\/wp-json\/wp\/v2\/pages\/883","targetHints":{"allow":["GET"]}}],"collection":[{"href":"https:\/\/wp.sonnebring.se\/en\/wp-json\/wp\/v2\/pages"}],"about":[{"href":"https:\/\/wp.sonnebring.se\/en\/wp-json\/wp\/v2\/types\/page"}],"author":[{"embeddable":true,"href":"https:\/\/wp.sonnebring.se\/en\/wp-json\/wp\/v2\/users\/3"}],"replies":[{"embeddable":true,"href":"https:\/\/wp.sonnebring.se\/en\/wp-json\/wp\/v2\/comments?post=883"}],"version-history":[{"count":74,"href":"https:\/\/wp.sonnebring.se\/en\/wp-json\/wp\/v2\/pages\/883\/revisions"}],"predecessor-version":[{"id":1277,"href":"https:\/\/wp.sonnebring.se\/en\/wp-json\/wp\/v2\/pages\/883\/revisions\/1277"}],"wp:attachment":[{"href":"https:\/\/wp.sonnebring.se\/en\/wp-json\/wp\/v2\/media?parent=883"}],"curies":[{"name":"wp","href":"https:\/\/api.w.org\/{rel}","templated":true}]}}