{"id":912,"date":"2022-04-28T07:21:06","date_gmt":"2022-04-28T07:21:06","guid":{"rendered":"http:\/\/wp.sonnebring.se\/?page_id=912"},"modified":"2022-05-19T11:18:53","modified_gmt":"2022-05-19T11:18:53","slug":"blank-stang","status":"publish","type":"page","link":"https:\/\/wp.sonnebring.se\/en\/blank-stang\/","title":{"rendered":"Bright bars"},"content":{"rendered":"<style>\/*! elementor - v3.6.5 - 27-04-2022 *\/\n.elementor-heading-title{padding:0;margin:0;line-height:1}.elementor-widget-heading .elementor-heading-title[class*=elementor-size-]>a{color:inherit;font-size:inherit;line-height:inherit}.elementor-widget-heading .elementor-heading-title.elementor-size-small{font-size:15px}.elementor-widget-heading .elementor-heading-title.elementor-size-medium{font-size:19px}.elementor-widget-heading .elementor-heading-title.elementor-size-large{font-size:29px}.elementor-widget-heading .elementor-heading-title.elementor-size-xl{font-size:39px}.elementor-widget-heading .elementor-heading-title.elementor-size-xxl{font-size:59px}<\/style>\n<h1>Bright bars<\/h1>\n<style>\/*! elementor - v3.6.5 - 27-04-2022 *\/\n.elementor-widget-divider{--divider-border-style:none;--divider-border-width:1px;--divider-color:#2c2c2c;--divider-icon-size:20px;--divider-element-spacing:10px;--divider-pattern-height:24px;--divider-pattern-size:20px;--divider-pattern-url:none;--divider-pattern-repeat:repeat-x}.elementor-widget-divider .elementor-divider{display:-webkit-box;display:-ms-flexbox;display:flex}.elementor-widget-divider .elementor-divider__text{font-size:15px;line-height:1;max-width:95%}.elementor-widget-divider .elementor-divider__element{margin:0 var(--divider-element-spacing);-ms-flex-negative:0;flex-shrink:0}.elementor-widget-divider .elementor-icon{font-size:var(--divider-icon-size)}.elementor-widget-divider .elementor-divider-separator{display:-webkit-box;display:-ms-flexbox;display:flex;margin:0;direction:ltr}.elementor-widget-divider--view-line_icon .elementor-divider-separator,.elementor-widget-divider--view-line_text .elementor-divider-separator{-webkit-box-align:center;-ms-flex-align:center;align-items:center}.elementor-widget-divider--view-line_icon .elementor-divider-separator:after,.elementor-widget-divider--view-line_icon .elementor-divider-separator:before,.elementor-widget-divider--view-line_text .elementor-divider-separator:after,.elementor-widget-divider--view-line_text .elementor-divider-separator:before{display:block;content:\"\";border-bottom:0;-webkit-box-flex:1;-ms-flex-positive:1;flex-grow:1;border-top:var(--divider-border-width) var(--divider-border-style) var(--divider-color)}.elementor-widget-divider--element-align-left .elementor-divider .elementor-divider-separator>.elementor-divider__svg:first-of-type{-webkit-box-flex:0;-ms-flex-positive:0;flex-grow:0;-ms-flex-negative:100;flex-shrink:100}.elementor-widget-divider--element-align-left .elementor-divider-separator:before{content:none}.elementor-widget-divider--element-align-left .elementor-divider__element{margin-left:0}.elementor-widget-divider--element-align-right .elementor-divider .elementor-divider-separator>.elementor-divider__svg:last-of-type{-webkit-box-flex:0;-ms-flex-positive:0;flex-grow:0;-ms-flex-negative:100;flex-shrink:100}.elementor-widget-divider--element-align-right .elementor-divider-separator:after{content:none}.elementor-widget-divider--element-align-right .elementor-divider__element{margin-right:0}.elementor-widget-divider:not(.elementor-widget-divider--view-line_text):not(.elementor-widget-divider--view-line_icon) .elementor-divider-separator{border-top:var(--divider-border-width) var(--divider-border-style) var(--divider-color)}.elementor-widget-divider--separator-type-pattern{--divider-border-style:none}.elementor-widget-divider--separator-type-pattern.elementor-widget-divider--view-line .elementor-divider-separator,.elementor-widget-divider--separator-type-pattern:not(.elementor-widget-divider--view-line) .elementor-divider-separator:after,.elementor-widget-divider--separator-type-pattern:not(.elementor-widget-divider--view-line) .elementor-divider-separator:before,.elementor-widget-divider--separator-type-pattern:not([class*=elementor-widget-divider--view]) .elementor-divider-separator{width:100%;min-height:var(--divider-pattern-height);-webkit-mask-size:var(--divider-pattern-size) 100%;mask-size:var(--divider-pattern-size) 100%;-webkit-mask-repeat:var(--divider-pattern-repeat);mask-repeat:var(--divider-pattern-repeat);background-color:var(--divider-color);-webkit-mask-image:var(--divider-pattern-url);mask-image:var(--divider-pattern-url)}.elementor-widget-divider--no-spacing{--divider-pattern-size:auto}.elementor-widget-divider--bg-round{--divider-pattern-repeat:round}.rtl .elementor-widget-divider .elementor-divider__text{direction:rtl}<\/style>\n<h2>Bright bars\/Stalma <\/h2>\n<p aria-level=\"2\"><b>Presentation of Stalma<\/b>\u00a0<\/p>\n<p>Stalma S.A is one of the leading producers in Europe of cold drawn, peeled and ground bars. Material could be different types of carbon steel, such as free cutting steel, engineering steel and alloyed steel for hardening &amp; tempering and case hardening. Stalma has a very high quality level and flexible production at competitive prices. Company was founded in the 1990\u2019s, production capacity is 150 000 tons\/year and is growing every year thanks to continuous investments in modern production equipment.\u00a0\u00a0<\/p>\n<p>Company is certified according to ISO 9001 and ISO TS-16949 and placed in Lublin in Southeast of Poland with good road- and railway connections.\u00a0\u00a0<\/p>\n<p aria-level=\"2\"><b>Product range<\/b>\u00a0<\/p>\n<p>The product range is cold drawn, peeled and ground bars according to below:\u00a0<\/p>\n<ul>\n<li data-leveltext=\"\uf0b7\" data-font=\"Symbol\" data-listid=\"1\" data-list-defn-props=\"{&quot;335552541&quot;:1,&quot;335559684&quot;:-2,&quot;335559685&quot;:360,&quot;335559991&quot;:360,&quot;469769226&quot;:&quot;Symbol&quot;,&quot;469769242&quot;:[8226],&quot;469777803&quot;:&quot;left&quot;,&quot;469777804&quot;:&quot;\uf0b7&quot;,&quot;469777815&quot;:&quot;hybridMultilevel&quot;}\" aria-setsize=\"-1\" data-aria-posinset=\"1\" data-aria-level=\"1\">Cold drawn rounds \u00d84-100 mm\u00a0<\/li>\n<li data-leveltext=\"\uf0b7\" data-font=\"Symbol\" data-listid=\"1\" data-list-defn-props=\"{&quot;335552541&quot;:1,&quot;335559684&quot;:-2,&quot;335559685&quot;:360,&quot;335559991&quot;:360,&quot;469769226&quot;:&quot;Symbol&quot;,&quot;469769242&quot;:[8226],&quot;469777803&quot;:&quot;left&quot;,&quot;469777804&quot;:&quot;\uf0b7&quot;,&quot;469777815&quot;:&quot;hybridMultilevel&quot;}\" aria-setsize=\"-1\" data-aria-posinset=\"2\" data-aria-level=\"1\">Cold drawn hexagons 4-70 mm\u00a0<\/li>\n<li data-leveltext=\"\uf0b7\" data-font=\"Symbol\" data-listid=\"1\" data-list-defn-props=\"{&quot;335552541&quot;:1,&quot;335559684&quot;:-2,&quot;335559685&quot;:360,&quot;335559991&quot;:360,&quot;469769226&quot;:&quot;Symbol&quot;,&quot;469769242&quot;:[8226],&quot;469777803&quot;:&quot;left&quot;,&quot;469777804&quot;:&quot;\uf0b7&quot;,&quot;469777815&quot;:&quot;hybridMultilevel&quot;}\" aria-setsize=\"-1\" data-aria-posinset=\"3\" data-aria-level=\"1\">Cold drawn squares  4-80 mm\u00a0<\/li>\n<\/ul>\n<ul>\n<li data-leveltext=\"\uf0b7\" data-font=\"Symbol\" data-listid=\"1\" data-list-defn-props=\"{&quot;335552541&quot;:1,&quot;335559684&quot;:-2,&quot;335559685&quot;:360,&quot;335559991&quot;:360,&quot;469769226&quot;:&quot;Symbol&quot;,&quot;469769242&quot;:[8226],&quot;469777803&quot;:&quot;left&quot;,&quot;469777804&quot;:&quot;\uf0b7&quot;,&quot;469777815&quot;:&quot;hybridMultilevel&quot;}\" aria-setsize=\"-1\" data-aria-posinset=\"1\" data-aria-level=\"1\">Peeled bars \u00d818-100 mm with h9 tolerance\u00a0<\/li>\n<li data-leveltext=\"\uf0b7\" data-font=\"Symbol\" data-listid=\"1\" data-list-defn-props=\"{&quot;335552541&quot;:1,&quot;335559684&quot;:-2,&quot;335559685&quot;:360,&quot;335559991&quot;:360,&quot;469769226&quot;:&quot;Symbol&quot;,&quot;469769242&quot;:[8226],&quot;469777803&quot;:&quot;left&quot;,&quot;469777804&quot;:&quot;\uf0b7&quot;,&quot;469777815&quot;:&quot;hybridMultilevel&quot;}\" aria-setsize=\"-1\" data-aria-posinset=\"2\" data-aria-level=\"1\">Ground bars \u00d810-100 mm with h6 \u2013 h8 tolerance\u00a0<\/li>\n<\/ul>\n<p aria-level=\"2\"><b>Stock holding<\/b>\u00a0<\/p>\n<p>Company has continous production of cold drawn rounds, hexagons and squares in 11SMnPb30+C and 11SMn30+C. Free cutting steel is delivered with both ends chamfered, other steel with chamfers subject to special order. They are also continously producing cold drawn rounds in steel grades such as S235JRC+C, S355J2C+C and C45E\/C45R+C. Other frequent steel grades are different kinds of case hardening steel in cold drawn condition such as 16MnCrS5 (on request according to Bosch norm) and different kinds of steel for hardening &amp; tempering such as 25CrMoS4, 42CrMoS4 and 34CrNiMo6. Alloyed steel for hardening &amp; tempering are normally supplied in peeled condition. Bars with special dimensions and\/or special tolerances\/lengths and in other steel grades than mentioned above, are subject to special offer.\u00a0<\/p>\n<p>\t\t\t<a href=\"\/en\/kontakt\/\" role=\"button\"><br \/>\n\t\t\t\t\t\tContact us<br \/>\n\t\t\t\t\t<\/a><\/p>\n<div class=\"ast-oembed-container\" style=\"height: 100%;\"><iframe loading=\"lazy\" title=\"STALMA pl - produkujemy pr\u0119ty ci\u0105gnione, \u0142uszczone, szlifowane\" width=\"500\" height=\"281\" src=\"https:\/\/www.youtube.com\/embed\/VT1zKoOXV7Y?feature=oembed\" frameborder=\"0\" allow=\"accelerometer; autoplay; clipboard-write; encrypted-media; gyroscope; picture-in-picture; web-share\" referrerpolicy=\"strict-origin-when-cross-origin\" allowfullscreen><\/iframe><\/div>\n<style>\/*! elementor - v3.6.5 - 27-04-2022 *\/\n.elementor-widget-image{text-align:center}.elementor-widget-image a{display:inline-block}.elementor-widget-image a img[src$=\".svg\"]{width:48px}.elementor-widget-image img{vertical-align:middle;display:inline-block}<\/style>\n<p>\t\t\t\t\t\t\t\t\t\t\t\t<img decoding=\"async\" width=\"1024\" height=\"563\" src=\"http:\/\/wp.sonnebring.se\/wp-content\/uploads\/2022\/04\/foto_stalma_2-1024x563.jpg\" alt=\"\" loading=\"lazy\" srcset=\"http:\/\/wp.sonnebring.se\/wp-content\/uploads\/2022\/04\/foto_stalma_2-1024x563.jpg 1024w, http:\/\/wp.sonnebring.se\/wp-content\/uploads\/2022\/04\/foto_stalma_2-300x165.jpg 300w, http:\/\/wp.sonnebring.se\/wp-content\/uploads\/2022\/04\/foto_stalma_2-768x422.jpg 768w, http:\/\/wp.sonnebring.se\/wp-content\/uploads\/2022\/04\/foto_stalma_2.jpg 1400w\" sizes=\"auto, (max-width: 1024px) 100vw, 1024px\" \/><br \/>\n\t\t\t\t\t\t\t\t\t\t\t\t\t\t\t<img decoding=\"async\" width=\"1020\" height=\"1024\" src=\"http:\/\/wp.sonnebring.se\/wp-content\/uploads\/2022\/04\/foto_stalma_1-1020x1024.jpg\" alt=\"\" loading=\"lazy\" srcset=\"http:\/\/wp.sonnebring.se\/wp-content\/uploads\/2022\/04\/foto_stalma_1-1020x1024.jpg 1020w, http:\/\/wp.sonnebring.se\/wp-content\/uploads\/2022\/04\/foto_stalma_1-300x300.jpg 300w, http:\/\/wp.sonnebring.se\/wp-content\/uploads\/2022\/04\/foto_stalma_1-150x150.jpg 150w, http:\/\/wp.sonnebring.se\/wp-content\/uploads\/2022\/04\/foto_stalma_1-768x771.jpg 768w, http:\/\/wp.sonnebring.se\/wp-content\/uploads\/2022\/04\/foto_stalma_1.jpg 1200w\" sizes=\"auto, (max-width: 1020px) 100vw, 1020px\" \/><br \/>\n\t\t\t\t\t\t\t\t\t\t\t\t\t\t\t<img decoding=\"async\" width=\"1024\" height=\"563\" src=\"http:\/\/wp.sonnebring.se\/wp-content\/uploads\/2022\/04\/foto_stalma_4-1024x563.jpg\" alt=\"\" loading=\"lazy\" srcset=\"http:\/\/wp.sonnebring.se\/wp-content\/uploads\/2022\/04\/foto_stalma_4-1024x563.jpg 1024w, http:\/\/wp.sonnebring.se\/wp-content\/uploads\/2022\/04\/foto_stalma_4-300x165.jpg 300w, http:\/\/wp.sonnebring.se\/wp-content\/uploads\/2022\/04\/foto_stalma_4-768x422.jpg 768w, http:\/\/wp.sonnebring.se\/wp-content\/uploads\/2022\/04\/foto_stalma_4.jpg 1400w\" sizes=\"auto, (max-width: 1024px) 100vw, 1024px\" \/><br \/>\n\t\t\t\t\t\t\t\t\t\t\t\t\t\t\t<img decoding=\"async\" width=\"1024\" height=\"563\" src=\"http:\/\/wp.sonnebring.se\/wp-content\/uploads\/2022\/04\/foto_stalma_6-1024x563.jpg\" alt=\"\" loading=\"lazy\" srcset=\"http:\/\/wp.sonnebring.se\/wp-content\/uploads\/2022\/04\/foto_stalma_6-1024x563.jpg 1024w, http:\/\/wp.sonnebring.se\/wp-content\/uploads\/2022\/04\/foto_stalma_6-300x165.jpg 300w, http:\/\/wp.sonnebring.se\/wp-content\/uploads\/2022\/04\/foto_stalma_6-768x422.jpg 768w, http:\/\/wp.sonnebring.se\/wp-content\/uploads\/2022\/04\/foto_stalma_6.jpg 1400w\" sizes=\"auto, (max-width: 1024px) 100vw, 1024px\" \/><br \/>\n\t\t\t\t\t\t\t\t\t\t\t\t\t\t\t<img decoding=\"async\" width=\"1020\" height=\"1024\" src=\"http:\/\/wp.sonnebring.se\/wp-content\/uploads\/2022\/04\/foto_stalma_3-1020x1024.jpg\" alt=\"\" loading=\"lazy\" srcset=\"http:\/\/wp.sonnebring.se\/wp-content\/uploads\/2022\/04\/foto_stalma_3-1020x1024.jpg 1020w, http:\/\/wp.sonnebring.se\/wp-content\/uploads\/2022\/04\/foto_stalma_3-300x300.jpg 300w, http:\/\/wp.sonnebring.se\/wp-content\/uploads\/2022\/04\/foto_stalma_3-150x150.jpg 150w, http:\/\/wp.sonnebring.se\/wp-content\/uploads\/2022\/04\/foto_stalma_3-768x771.jpg 768w, http:\/\/wp.sonnebring.se\/wp-content\/uploads\/2022\/04\/foto_stalma_3.jpg 1200w\" sizes=\"auto, (max-width: 1020px) 100vw, 1020px\" \/><br \/>\n\t\t\t\t\t\t\t\t\t\t\t\t\t\t\t<img decoding=\"async\" width=\"1024\" height=\"563\" src=\"http:\/\/wp.sonnebring.se\/wp-content\/uploads\/2022\/04\/foto_stalma_7-1024x563.jpg\" alt=\"\" loading=\"lazy\" srcset=\"http:\/\/wp.sonnebring.se\/wp-content\/uploads\/2022\/04\/foto_stalma_7-1024x563.jpg 1024w, http:\/\/wp.sonnebring.se\/wp-content\/uploads\/2022\/04\/foto_stalma_7-300x165.jpg 300w, http:\/\/wp.sonnebring.se\/wp-content\/uploads\/2022\/04\/foto_stalma_7-768x422.jpg 768w, http:\/\/wp.sonnebring.se\/wp-content\/uploads\/2022\/04\/foto_stalma_7.jpg 1400w\" sizes=\"auto, (max-width: 1024px) 100vw, 1024px\" \/>\t\t\t\t\t\t\t\t\t\t\t\t\t\t\t<\/p>\n<h2>Do you need steel profiles?<\/h2>\n<p>Do you have questions or concerns about steel profiles<\/p>\n<p>\t\t\t<a href=\"\/en\/kontakt\/\" role=\"button\"><br \/>\n\t\t\t\t\t\tContact us<br \/>\n\t\t\t\t\t<\/a><\/p>","protected":false},"excerpt":{"rendered":"<p>Blank st\u00e5ng Blankst\u00e5ng\/Stalma Presentation av Stalma\u00a0 Stalma \u00e4r en av Europas ledande producenter av kalldragen, skalsvarvad och slipad st\u00e5ng. Material \u00e4r olika typer av kolst\u00e5l, som automat-, konstruktions- och legerade seg- och s\u00e4tth\u00e4rdningsst\u00e5l. Stalma har en mycket h\u00f6g kvalitetsniv\u00e5 och flexibel produktion till konkurrenskraftiga priser. Verksamheten startade p\u00e5 1990-talet, produktionskapaciteten \u00e4r ca 150 000 ton\/\u00e5r [&hellip;]<\/p>","protected":false},"author":3,"featured_media":0,"parent":0,"menu_order":0,"comment_status":"closed","ping_status":"closed","template":"","meta":{"site-sidebar-layout":"no-sidebar","site-content-layout":"page-builder","ast-site-content-layout":"default","site-content-style":"default","site-sidebar-style":"default","ast-global-header-display":"","ast-banner-title-visibility":"","ast-main-header-display":"","ast-hfb-above-header-display":"","ast-hfb-below-header-display":"","ast-hfb-mobile-header-display":"","site-post-title":"disabled","ast-breadcrumbs-content":"","ast-featured-img":"disabled","footer-sml-layout":"","ast-disable-related-posts":"","theme-transparent-header-meta":"","adv-header-id-meta":"","stick-header-meta":"","header-above-stick-meta":"","header-main-stick-meta":"","header-below-stick-meta":"","astra-migrate-meta-layouts":"default","ast-page-background-enabled":"default","ast-page-background-meta":{"desktop":{"background-color":"","background-image":"","background-repeat":"repeat","background-position":"center center","background-size":"auto","background-attachment":"scroll","background-type":"","background-media":"","overlay-type":"","overlay-color":"","overlay-opacity":"","overlay-gradient":""},"tablet":{"background-color":"","background-image":"","background-repeat":"repeat","background-position":"center center","background-size":"auto","background-attachment":"scroll","background-type":"","background-media":"","overlay-type":"","overlay-color":"","overlay-opacity":"","overlay-gradient":""},"mobile":{"background-color":"","background-image":"","background-repeat":"repeat","background-position":"center center","background-size":"auto","background-attachment":"scroll","background-type":"","background-media":"","overlay-type":"","overlay-color":"","overlay-opacity":"","overlay-gradient":""}},"ast-content-background-meta":{"desktop":{"background-color":"var(--ast-global-color-5)","background-image":"","background-repeat":"repeat","background-position":"center center","background-size":"auto","background-attachment":"scroll","background-type":"","background-media":"","overlay-type":"","overlay-color":"","overlay-opacity":"","overlay-gradient":""},"tablet":{"background-color":"var(--ast-global-color-5)","background-image":"","background-repeat":"repeat","background-position":"center center","background-size":"auto","background-attachment":"scroll","background-type":"","background-media":"","overlay-type":"","overlay-color":"","overlay-opacity":"","overlay-gradient":""},"mobile":{"background-color":"var(--ast-global-color-5)","background-image":"","background-repeat":"repeat","background-position":"center center","background-size":"auto","background-attachment":"scroll","background-type":"","background-media":"","overlay-type":"","overlay-color":"","overlay-opacity":"","overlay-gradient":""}},"footnotes":""},"class_list":["post-912","page","type-page","status-publish","hentry"],"_links":{"self":[{"href":"https:\/\/wp.sonnebring.se\/en\/wp-json\/wp\/v2\/pages\/912","targetHints":{"allow":["GET"]}}],"collection":[{"href":"https:\/\/wp.sonnebring.se\/en\/wp-json\/wp\/v2\/pages"}],"about":[{"href":"https:\/\/wp.sonnebring.se\/en\/wp-json\/wp\/v2\/types\/page"}],"author":[{"embeddable":true,"href":"https:\/\/wp.sonnebring.se\/en\/wp-json\/wp\/v2\/users\/3"}],"replies":[{"embeddable":true,"href":"https:\/\/wp.sonnebring.se\/en\/wp-json\/wp\/v2\/comments?post=912"}],"version-history":[{"count":19,"href":"https:\/\/wp.sonnebring.se\/en\/wp-json\/wp\/v2\/pages\/912\/revisions"}],"predecessor-version":[{"id":1242,"href":"https:\/\/wp.sonnebring.se\/en\/wp-json\/wp\/v2\/pages\/912\/revisions\/1242"}],"wp:attachment":[{"href":"https:\/\/wp.sonnebring.se\/en\/wp-json\/wp\/v2\/media?parent=912"}],"curies":[{"name":"wp","href":"https:\/\/api.w.org\/{rel}","templated":true}]}}