{"id":913,"date":"2022-04-28T07:21:06","date_gmt":"2022-04-28T07:21:06","guid":{"rendered":"http:\/\/wp.sonnebring.se\/?page_id=913"},"modified":"2022-04-29T14:18:52","modified_gmt":"2022-04-29T14:18:52","slug":"varmvalsad-stang","status":"publish","type":"page","link":"https:\/\/wp.sonnebring.se\/en\/varmvalsad-stang\/","title":{"rendered":"Hot rolled bars"},"content":{"rendered":"<style>\/*! elementor - v3.6.5 - 27-04-2022 *\/\n.elementor-heading-title{padding:0;margin:0;line-height:1}.elementor-widget-heading .elementor-heading-title[class*=elementor-size-]>a{color:inherit;font-size:inherit;line-height:inherit}.elementor-widget-heading .elementor-heading-title.elementor-size-small{font-size:15px}.elementor-widget-heading .elementor-heading-title.elementor-size-medium{font-size:19px}.elementor-widget-heading .elementor-heading-title.elementor-size-large{font-size:29px}.elementor-widget-heading .elementor-heading-title.elementor-size-xl{font-size:39px}.elementor-widget-heading .elementor-heading-title.elementor-size-xxl{font-size:59px}<\/style>\n<h1>Hot rolled bars<\/h1>\n<style>\/*! elementor - v3.6.5 - 27-04-2022 *\/\n.elementor-widget-divider{--divider-border-style:none;--divider-border-width:1px;--divider-color:#2c2c2c;--divider-icon-size:20px;--divider-element-spacing:10px;--divider-pattern-height:24px;--divider-pattern-size:20px;--divider-pattern-url:none;--divider-pattern-repeat:repeat-x}.elementor-widget-divider .elementor-divider{display:-webkit-box;display:-ms-flexbox;display:flex}.elementor-widget-divider .elementor-divider__text{font-size:15px;line-height:1;max-width:95%}.elementor-widget-divider .elementor-divider__element{margin:0 var(--divider-element-spacing);-ms-flex-negative:0;flex-shrink:0}.elementor-widget-divider .elementor-icon{font-size:var(--divider-icon-size)}.elementor-widget-divider .elementor-divider-separator{display:-webkit-box;display:-ms-flexbox;display:flex;margin:0;direction:ltr}.elementor-widget-divider--view-line_icon .elementor-divider-separator,.elementor-widget-divider--view-line_text .elementor-divider-separator{-webkit-box-align:center;-ms-flex-align:center;align-items:center}.elementor-widget-divider--view-line_icon .elementor-divider-separator:after,.elementor-widget-divider--view-line_icon .elementor-divider-separator:before,.elementor-widget-divider--view-line_text .elementor-divider-separator:after,.elementor-widget-divider--view-line_text .elementor-divider-separator:before{display:block;content:\"\";border-bottom:0;-webkit-box-flex:1;-ms-flex-positive:1;flex-grow:1;border-top:var(--divider-border-width) var(--divider-border-style) var(--divider-color)}.elementor-widget-divider--element-align-left .elementor-divider .elementor-divider-separator>.elementor-divider__svg:first-of-type{-webkit-box-flex:0;-ms-flex-positive:0;flex-grow:0;-ms-flex-negative:100;flex-shrink:100}.elementor-widget-divider--element-align-left .elementor-divider-separator:before{content:none}.elementor-widget-divider--element-align-left .elementor-divider__element{margin-left:0}.elementor-widget-divider--element-align-right .elementor-divider .elementor-divider-separator>.elementor-divider__svg:last-of-type{-webkit-box-flex:0;-ms-flex-positive:0;flex-grow:0;-ms-flex-negative:100;flex-shrink:100}.elementor-widget-divider--element-align-right .elementor-divider-separator:after{content:none}.elementor-widget-divider--element-align-right .elementor-divider__element{margin-right:0}.elementor-widget-divider:not(.elementor-widget-divider--view-line_text):not(.elementor-widget-divider--view-line_icon) .elementor-divider-separator{border-top:var(--divider-border-width) var(--divider-border-style) var(--divider-color)}.elementor-widget-divider--separator-type-pattern{--divider-border-style:none}.elementor-widget-divider--separator-type-pattern.elementor-widget-divider--view-line .elementor-divider-separator,.elementor-widget-divider--separator-type-pattern:not(.elementor-widget-divider--view-line) .elementor-divider-separator:after,.elementor-widget-divider--separator-type-pattern:not(.elementor-widget-divider--view-line) .elementor-divider-separator:before,.elementor-widget-divider--separator-type-pattern:not([class*=elementor-widget-divider--view]) .elementor-divider-separator{width:100%;min-height:var(--divider-pattern-height);-webkit-mask-size:var(--divider-pattern-size) 100%;mask-size:var(--divider-pattern-size) 100%;-webkit-mask-repeat:var(--divider-pattern-repeat);mask-repeat:var(--divider-pattern-repeat);background-color:var(--divider-color);-webkit-mask-image:var(--divider-pattern-url);mask-image:var(--divider-pattern-url)}.elementor-widget-divider--no-spacing{--divider-pattern-size:auto}.elementor-widget-divider--bg-round{--divider-pattern-repeat:round}.rtl .elementor-widget-divider .elementor-divider__text{direction:rtl}<\/style>\n<h2>Hot rolled flat and square bars\/RUGUI <\/h2>\n<p aria-level=\"2\"><b>Presentation of RUGUI<\/b>\u00a0<\/p>\n<p>RUGUI is one of the leading producers of hot rolled flat and square bars in Europe. Materials are different types of carbon steel, boron steel and alloyed steel. RUGUI has a very high quality level, flexibel production with competitive prices. Steel mill and rolling mills are top notch and were all built 2010-2012, the steel mill is equipped with vacuum degassing in order to be able to produce steel with high cleanlineness.\u00a0\u00a0<\/p>\n<p>Company is certified according to ISO 9001 and ISO 14001, the steel mills and hot rolling mills are all placed in Northeast of Spain with good road, railway and boat connections.\u00a0\u00a0<\/p>\n<p aria-level=\"2\"><b>Product range<\/b>\u00a0<\/p>\n<p>The product range is hot rolled flat and square bars as well as symmetrical special profiles:\u00a0<\/p>\n<ul>\n<li data-leveltext=\"\uf0b7\" data-font=\"Symbol\" data-listid=\"1\" aria-setsize=\"-1\" data-aria-posinset=\"1\" data-aria-level=\"1\">Hot rolled flat bars 40 x 8 \u2013 300 x 30 mm\u00a0<\/li>\n<li data-leveltext=\"\uf0b7\" data-font=\"Symbol\" data-listid=\"1\" aria-setsize=\"-1\" data-aria-posinset=\"2\" data-aria-level=\"1\">Hot rolled square bars 25 \u2013 81.5 mm\u00a0<\/li>\n<\/ul>\n<p>Minimum rolling is 5 \u2013 10 tons, depending on size. Standard lengths are 6 \u2013 12 m, but special lengths could be offered as well as precision cutting, shot blasting and other treatments. Special alloys according to customer specification could be produced with a minimum quantity of 30 ton.\u00a0<\/p>\n<p>\t\t\t<a href=\"\/en\/kontakt\/\" role=\"button\"><br \/>\n\t\t\t\t\t\tContact us<br \/>\n\t\t\t\t\t<\/a><\/p>\n<h2>Do you need steel profiles?<\/h2>\n<p>Do you have questions or concerns about steel profiles<\/p>\n<p>\t\t\t<a href=\"\/en\/kontakt\/\" role=\"button\"><br \/>\n\t\t\t\t\t\tContact us<br \/>\n\t\t\t\t\t<\/a><\/p>","protected":false},"excerpt":{"rendered":"<p>Varmvalsad st\u00e5ng Varmvalsad platt och 4K-st\u00e5ng\/RUGUI Presentation av RUGUI\u00a0 RUGUI \u00e4r en av Europas ledande producenter av varmvalsad platt och 4K-st\u00e5ng. Material \u00e4r olika typer av kolst\u00e5l, borst\u00e5l och legerade st\u00e5l. RUGUI har en mycket h\u00f6g kvalitetsniv\u00e5 och flexibel produktion med konkurrenskraftiga priser. St\u00e5lverk och valsverk h\u00e5ller h\u00f6gsta standard och byggdes p\u00e5 2010-talet, st\u00e5lverket har [&hellip;]<\/p>","protected":false},"author":3,"featured_media":0,"parent":0,"menu_order":0,"comment_status":"closed","ping_status":"closed","template":"","meta":{"site-sidebar-layout":"no-sidebar","site-content-layout":"page-builder","ast-site-content-layout":"default","site-content-style":"default","site-sidebar-style":"default","ast-global-header-display":"","ast-banner-title-visibility":"","ast-main-header-display":"","ast-hfb-above-header-display":"","ast-hfb-below-header-display":"","ast-hfb-mobile-header-display":"","site-post-title":"disabled","ast-breadcrumbs-content":"","ast-featured-img":"disabled","footer-sml-layout":"","ast-disable-related-posts":"","theme-transparent-header-meta":"","adv-header-id-meta":"","stick-header-meta":"","header-above-stick-meta":"","header-main-stick-meta":"","header-below-stick-meta":"","astra-migrate-meta-layouts":"default","ast-page-background-enabled":"default","ast-page-background-meta":{"desktop":{"background-color":"","background-image":"","background-repeat":"repeat","background-position":"center center","background-size":"auto","background-attachment":"scroll","background-type":"","background-media":"","overlay-type":"","overlay-color":"","overlay-opacity":"","overlay-gradient":""},"tablet":{"background-color":"","background-image":"","background-repeat":"repeat","background-position":"center center","background-size":"auto","background-attachment":"scroll","background-type":"","background-media":"","overlay-type":"","overlay-color":"","overlay-opacity":"","overlay-gradient":""},"mobile":{"background-color":"","background-image":"","background-repeat":"repeat","background-position":"center center","background-size":"auto","background-attachment":"scroll","background-type":"","background-media":"","overlay-type":"","overlay-color":"","overlay-opacity":"","overlay-gradient":""}},"ast-content-background-meta":{"desktop":{"background-color":"var(--ast-global-color-5)","background-image":"","background-repeat":"repeat","background-position":"center center","background-size":"auto","background-attachment":"scroll","background-type":"","background-media":"","overlay-type":"","overlay-color":"","overlay-opacity":"","overlay-gradient":""},"tablet":{"background-color":"var(--ast-global-color-5)","background-image":"","background-repeat":"repeat","background-position":"center center","background-size":"auto","background-attachment":"scroll","background-type":"","background-media":"","overlay-type":"","overlay-color":"","overlay-opacity":"","overlay-gradient":""},"mobile":{"background-color":"var(--ast-global-color-5)","background-image":"","background-repeat":"repeat","background-position":"center center","background-size":"auto","background-attachment":"scroll","background-type":"","background-media":"","overlay-type":"","overlay-color":"","overlay-opacity":"","overlay-gradient":""}},"footnotes":""},"class_list":["post-913","page","type-page","status-publish","hentry"],"_links":{"self":[{"href":"https:\/\/wp.sonnebring.se\/en\/wp-json\/wp\/v2\/pages\/913","targetHints":{"allow":["GET"]}}],"collection":[{"href":"https:\/\/wp.sonnebring.se\/en\/wp-json\/wp\/v2\/pages"}],"about":[{"href":"https:\/\/wp.sonnebring.se\/en\/wp-json\/wp\/v2\/types\/page"}],"author":[{"embeddable":true,"href":"https:\/\/wp.sonnebring.se\/en\/wp-json\/wp\/v2\/users\/3"}],"replies":[{"embeddable":true,"href":"https:\/\/wp.sonnebring.se\/en\/wp-json\/wp\/v2\/comments?post=913"}],"version-history":[{"count":13,"href":"https:\/\/wp.sonnebring.se\/en\/wp-json\/wp\/v2\/pages\/913\/revisions"}],"predecessor-version":[{"id":1143,"href":"https:\/\/wp.sonnebring.se\/en\/wp-json\/wp\/v2\/pages\/913\/revisions\/1143"}],"wp:attachment":[{"href":"https:\/\/wp.sonnebring.se\/en\/wp-json\/wp\/v2\/media?parent=913"}],"curies":[{"name":"wp","href":"https:\/\/api.w.org\/{rel}","templated":true}]}}