{"id":914,"date":"2022-04-28T07:21:06","date_gmt":"2022-04-28T07:21:06","guid":{"rendered":"http:\/\/wp.sonnebring.se\/?page_id=914"},"modified":"2022-05-10T12:22:36","modified_gmt":"2022-05-10T12:22:36","slug":"specialprofiler","status":"publish","type":"page","link":"https:\/\/wp.sonnebring.se\/en\/specialprofiler\/","title":{"rendered":"Special profiles"},"content":{"rendered":"<style>\/*! elementor - v3.6.5 - 27-04-2022 *\/\n.elementor-heading-title{padding:0;margin:0;line-height:1}.elementor-widget-heading .elementor-heading-title[class*=elementor-size-]>a{color:inherit;font-size:inherit;line-height:inherit}.elementor-widget-heading .elementor-heading-title.elementor-size-small{font-size:15px}.elementor-widget-heading .elementor-heading-title.elementor-size-medium{font-size:19px}.elementor-widget-heading .elementor-heading-title.elementor-size-large{font-size:29px}.elementor-widget-heading .elementor-heading-title.elementor-size-xl{font-size:39px}.elementor-widget-heading .elementor-heading-title.elementor-size-xxl{font-size:59px}<\/style>\n<h1>Special profiles<\/h1>\n<style>\/*! elementor - v3.6.5 - 27-04-2022 *\/\n.elementor-widget-divider{--divider-border-style:none;--divider-border-width:1px;--divider-color:#2c2c2c;--divider-icon-size:20px;--divider-element-spacing:10px;--divider-pattern-height:24px;--divider-pattern-size:20px;--divider-pattern-url:none;--divider-pattern-repeat:repeat-x}.elementor-widget-divider .elementor-divider{display:-webkit-box;display:-ms-flexbox;display:flex}.elementor-widget-divider .elementor-divider__text{font-size:15px;line-height:1;max-width:95%}.elementor-widget-divider .elementor-divider__element{margin:0 var(--divider-element-spacing);-ms-flex-negative:0;flex-shrink:0}.elementor-widget-divider .elementor-icon{font-size:var(--divider-icon-size)}.elementor-widget-divider .elementor-divider-separator{display:-webkit-box;display:-ms-flexbox;display:flex;margin:0;direction:ltr}.elementor-widget-divider--view-line_icon .elementor-divider-separator,.elementor-widget-divider--view-line_text .elementor-divider-separator{-webkit-box-align:center;-ms-flex-align:center;align-items:center}.elementor-widget-divider--view-line_icon .elementor-divider-separator:after,.elementor-widget-divider--view-line_icon .elementor-divider-separator:before,.elementor-widget-divider--view-line_text .elementor-divider-separator:after,.elementor-widget-divider--view-line_text .elementor-divider-separator:before{display:block;content:\"\";border-bottom:0;-webkit-box-flex:1;-ms-flex-positive:1;flex-grow:1;border-top:var(--divider-border-width) var(--divider-border-style) var(--divider-color)}.elementor-widget-divider--element-align-left .elementor-divider .elementor-divider-separator>.elementor-divider__svg:first-of-type{-webkit-box-flex:0;-ms-flex-positive:0;flex-grow:0;-ms-flex-negative:100;flex-shrink:100}.elementor-widget-divider--element-align-left .elementor-divider-separator:before{content:none}.elementor-widget-divider--element-align-left .elementor-divider__element{margin-left:0}.elementor-widget-divider--element-align-right .elementor-divider .elementor-divider-separator>.elementor-divider__svg:last-of-type{-webkit-box-flex:0;-ms-flex-positive:0;flex-grow:0;-ms-flex-negative:100;flex-shrink:100}.elementor-widget-divider--element-align-right .elementor-divider-separator:after{content:none}.elementor-widget-divider--element-align-right .elementor-divider__element{margin-right:0}.elementor-widget-divider:not(.elementor-widget-divider--view-line_text):not(.elementor-widget-divider--view-line_icon) .elementor-divider-separator{border-top:var(--divider-border-width) var(--divider-border-style) var(--divider-color)}.elementor-widget-divider--separator-type-pattern{--divider-border-style:none}.elementor-widget-divider--separator-type-pattern.elementor-widget-divider--view-line .elementor-divider-separator,.elementor-widget-divider--separator-type-pattern:not(.elementor-widget-divider--view-line) .elementor-divider-separator:after,.elementor-widget-divider--separator-type-pattern:not(.elementor-widget-divider--view-line) .elementor-divider-separator:before,.elementor-widget-divider--separator-type-pattern:not([class*=elementor-widget-divider--view]) .elementor-divider-separator{width:100%;min-height:var(--divider-pattern-height);-webkit-mask-size:var(--divider-pattern-size) 100%;mask-size:var(--divider-pattern-size) 100%;-webkit-mask-repeat:var(--divider-pattern-repeat);mask-repeat:var(--divider-pattern-repeat);background-color:var(--divider-color);-webkit-mask-image:var(--divider-pattern-url);mask-image:var(--divider-pattern-url)}.elementor-widget-divider--no-spacing{--divider-pattern-size:auto}.elementor-widget-divider--bg-round{--divider-pattern-repeat:round}.rtl .elementor-widget-divider .elementor-divider__text{direction:rtl}<\/style>\n<h2>Special profiles in steel<\/h2>\n<p>We can supply cold-drawn, hot-rolled, cold-rolled, extruded (extruded) and roll-shaped profiles that cover most needs. Depending on the profile's design, material, delivery permit and purpose of use, different requirements are set for manufacturing methods.<\/p>\n<p>In all cases, we work towards delivering a design as close to the finished product as possible, which means large savings of raw materials and also in subsequent steps.<\/p>\n<p>The motive for using a special profile can be the following:<\/p>\n<ul>\n<li>Reduce processing time when manufacturing products by turning &amp; milling<\/li>\n<li>Replace other manufacturing methods such as welding, forging and casting<\/li>\n<li>Be able to produce a long product with high demands on straightness and rotation tolerances<\/li>\n<\/ul>\n<p>Information on the tolerances that can be achieved by the different manufacturing methods as follows:<\/p>\n<ul>\n<li><strong>Cold drawing<\/strong>standard tolerances \u00b1 0.10 mm and if necessary down to \u00b1 0.02 mm<\/li>\n<li><strong>Hot rolling<\/strong>tolerances from \u00b1 0.30 mm and up, depending on dimensions<\/li>\n<li><strong>Extrusion<\/strong>tolerances from \u00b1 0.50 mm and upwards, depending on dimensions<\/li>\n<\/ul>\n<p><strong>Advantages of using special profiles<\/strong><\/p>\n<ul>\n<li>Quite small min quantities, from 1000 kg and up<\/li>\n<li>Moderate tool investment, from 2000 \u20ac and up<\/li>\n<li>Profiles with tough requirements for straightness and rotation tolerances can be manufactured<\/li>\n<li>Very good surface smoothness can be achieved, especially for cold-drawn profiles (Ra within 3.2 \u03bcm)<\/li>\n<\/ul>\n<p>\u00a0<\/p>\n<p>Cold drawn profiles are delivered from Calvi SpA and SIPA SpA, hot-rolled profiles from Falci SrL (I) and LOSAL S.A (ES), extruded profiles from Siderval SpA (I) and roll-shaped profiles from SIKA Profili SrL (I).<\/p>\n<p>\u00a0<\/p>\n<p>All suppliers are certified according to ISO 9001, most according to ISO 14001 and some according to TS 16949.<\/p>\n<p>\t\t\t<a href=\"\/en\/kontakt\/\" role=\"button\"><br \/>\n\t\t\t\t\t\tContact us<br \/>\n\t\t\t\t\t<\/a><\/p>\n<h2>Do you need steel profiles?<\/h2>\n<p>Do you have questions or concerns about steel profiles<\/p>\n<p>\t\t\t<a href=\"\/en\/kontakt\/\" role=\"button\"><br \/>\n\t\t\t\t\t\tContact us<br \/>\n\t\t\t\t\t<\/a><\/p>","protected":false},"excerpt":{"rendered":"<p>Specialprofiler Specialprofiler i st\u00e5l Vi kan leverera\u00a0kalldragna, varmvalsade, kallvalsade, extruderade (str\u00e4ngpressade) och rullformade profiler som t\u00e4cker de flesta behov. Beroende p\u00e5 profilens utformning, material, leveranstillst\u00e5nd och anv\u00e4ndnings\u00e4ndam\u00e5l st\u00e4lls olika krav p\u00e5 tillverkningss\u00e4tt. I samtliga fall arbetar vi mot att leverera ett utf\u00f6rande s\u00e5 n\u00e4ra den f\u00e4rdiga produkten som m\u00f6jligt, vilket inneb\u00e4r stora besparingar av r\u00e5material [&hellip;]<\/p>","protected":false},"author":3,"featured_media":0,"parent":0,"menu_order":0,"comment_status":"closed","ping_status":"closed","template":"","meta":{"site-sidebar-layout":"no-sidebar","site-content-layout":"page-builder","ast-site-content-layout":"default","site-content-style":"default","site-sidebar-style":"default","ast-global-header-display":"","ast-banner-title-visibility":"","ast-main-header-display":"","ast-hfb-above-header-display":"","ast-hfb-below-header-display":"","ast-hfb-mobile-header-display":"","site-post-title":"disabled","ast-breadcrumbs-content":"","ast-featured-img":"disabled","footer-sml-layout":"","ast-disable-related-posts":"","theme-transparent-header-meta":"","adv-header-id-meta":"","stick-header-meta":"","header-above-stick-meta":"","header-main-stick-meta":"","header-below-stick-meta":"","astra-migrate-meta-layouts":"default","ast-page-background-enabled":"default","ast-page-background-meta":{"desktop":{"background-color":"","background-image":"","background-repeat":"repeat","background-position":"center center","background-size":"auto","background-attachment":"scroll","background-type":"","background-media":"","overlay-type":"","overlay-color":"","overlay-opacity":"","overlay-gradient":""},"tablet":{"background-color":"","background-image":"","background-repeat":"repeat","background-position":"center center","background-size":"auto","background-attachment":"scroll","background-type":"","background-media":"","overlay-type":"","overlay-color":"","overlay-opacity":"","overlay-gradient":""},"mobile":{"background-color":"","background-image":"","background-repeat":"repeat","background-position":"center center","background-size":"auto","background-attachment":"scroll","background-type":"","background-media":"","overlay-type":"","overlay-color":"","overlay-opacity":"","overlay-gradient":""}},"ast-content-background-meta":{"desktop":{"background-color":"var(--ast-global-color-5)","background-image":"","background-repeat":"repeat","background-position":"center center","background-size":"auto","background-attachment":"scroll","background-type":"","background-media":"","overlay-type":"","overlay-color":"","overlay-opacity":"","overlay-gradient":""},"tablet":{"background-color":"var(--ast-global-color-5)","background-image":"","background-repeat":"repeat","background-position":"center center","background-size":"auto","background-attachment":"scroll","background-type":"","background-media":"","overlay-type":"","overlay-color":"","overlay-opacity":"","overlay-gradient":""},"mobile":{"background-color":"var(--ast-global-color-5)","background-image":"","background-repeat":"repeat","background-position":"center center","background-size":"auto","background-attachment":"scroll","background-type":"","background-media":"","overlay-type":"","overlay-color":"","overlay-opacity":"","overlay-gradient":""}},"footnotes":""},"class_list":["post-914","page","type-page","status-publish","hentry"],"_links":{"self":[{"href":"https:\/\/wp.sonnebring.se\/en\/wp-json\/wp\/v2\/pages\/914","targetHints":{"allow":["GET"]}}],"collection":[{"href":"https:\/\/wp.sonnebring.se\/en\/wp-json\/wp\/v2\/pages"}],"about":[{"href":"https:\/\/wp.sonnebring.se\/en\/wp-json\/wp\/v2\/types\/page"}],"author":[{"embeddable":true,"href":"https:\/\/wp.sonnebring.se\/en\/wp-json\/wp\/v2\/users\/3"}],"replies":[{"embeddable":true,"href":"https:\/\/wp.sonnebring.se\/en\/wp-json\/wp\/v2\/comments?post=914"}],"version-history":[{"count":13,"href":"https:\/\/wp.sonnebring.se\/en\/wp-json\/wp\/v2\/pages\/914\/revisions"}],"predecessor-version":[{"id":1208,"href":"https:\/\/wp.sonnebring.se\/en\/wp-json\/wp\/v2\/pages\/914\/revisions\/1208"}],"wp:attachment":[{"href":"https:\/\/wp.sonnebring.se\/en\/wp-json\/wp\/v2\/media?parent=914"}],"curies":[{"name":"wp","href":"https:\/\/api.w.org\/{rel}","templated":true}]}}