{"id":916,"date":"2022-04-28T07:21:06","date_gmt":"2022-04-28T07:21:06","guid":{"rendered":"http:\/\/wp.sonnebring.se\/?page_id=916"},"modified":"2022-05-24T06:28:18","modified_gmt":"2022-05-24T06:28:18","slug":"produkter","status":"publish","type":"page","link":"https:\/\/wp.sonnebring.se\/en\/produkter\/","title":{"rendered":"Products"},"content":{"rendered":"<style>\/*! elementor - v3.6.5 - 27-04-2022 *\/\n.elementor-heading-title{padding:0;margin:0;line-height:1}.elementor-widget-heading .elementor-heading-title[class*=elementor-size-]>a{color:inherit;font-size:inherit;line-height:inherit}.elementor-widget-heading .elementor-heading-title.elementor-size-small{font-size:15px}.elementor-widget-heading .elementor-heading-title.elementor-size-medium{font-size:19px}.elementor-widget-heading .elementor-heading-title.elementor-size-large{font-size:29px}.elementor-widget-heading .elementor-heading-title.elementor-size-xl{font-size:39px}.elementor-widget-heading .elementor-heading-title.elementor-size-xxl{font-size:59px}<\/style>\n<h1>view our products<\/h1>\n<style>\/*! elementor - v3.6.5 - 27-04-2022 *\/\n.elementor-widget-divider{--divider-border-style:none;--divider-border-width:1px;--divider-color:#2c2c2c;--divider-icon-size:20px;--divider-element-spacing:10px;--divider-pattern-height:24px;--divider-pattern-size:20px;--divider-pattern-url:none;--divider-pattern-repeat:repeat-x}.elementor-widget-divider .elementor-divider{display:-webkit-box;display:-ms-flexbox;display:flex}.elementor-widget-divider .elementor-divider__text{font-size:15px;line-height:1;max-width:95%}.elementor-widget-divider .elementor-divider__element{margin:0 var(--divider-element-spacing);-ms-flex-negative:0;flex-shrink:0}.elementor-widget-divider .elementor-icon{font-size:var(--divider-icon-size)}.elementor-widget-divider .elementor-divider-separator{display:-webkit-box;display:-ms-flexbox;display:flex;margin:0;direction:ltr}.elementor-widget-divider--view-line_icon .elementor-divider-separator,.elementor-widget-divider--view-line_text .elementor-divider-separator{-webkit-box-align:center;-ms-flex-align:center;align-items:center}.elementor-widget-divider--view-line_icon .elementor-divider-separator:after,.elementor-widget-divider--view-line_icon .elementor-divider-separator:before,.elementor-widget-divider--view-line_text .elementor-divider-separator:after,.elementor-widget-divider--view-line_text .elementor-divider-separator:before{display:block;content:\"\";border-bottom:0;-webkit-box-flex:1;-ms-flex-positive:1;flex-grow:1;border-top:var(--divider-border-width) var(--divider-border-style) var(--divider-color)}.elementor-widget-divider--element-align-left .elementor-divider .elementor-divider-separator>.elementor-divider__svg:first-of-type{-webkit-box-flex:0;-ms-flex-positive:0;flex-grow:0;-ms-flex-negative:100;flex-shrink:100}.elementor-widget-divider--element-align-left .elementor-divider-separator:before{content:none}.elementor-widget-divider--element-align-left .elementor-divider__element{margin-left:0}.elementor-widget-divider--element-align-right .elementor-divider .elementor-divider-separator>.elementor-divider__svg:last-of-type{-webkit-box-flex:0;-ms-flex-positive:0;flex-grow:0;-ms-flex-negative:100;flex-shrink:100}.elementor-widget-divider--element-align-right .elementor-divider-separator:after{content:none}.elementor-widget-divider--element-align-right .elementor-divider__element{margin-right:0}.elementor-widget-divider:not(.elementor-widget-divider--view-line_text):not(.elementor-widget-divider--view-line_icon) .elementor-divider-separator{border-top:var(--divider-border-width) var(--divider-border-style) var(--divider-color)}.elementor-widget-divider--separator-type-pattern{--divider-border-style:none}.elementor-widget-divider--separator-type-pattern.elementor-widget-divider--view-line .elementor-divider-separator,.elementor-widget-divider--separator-type-pattern:not(.elementor-widget-divider--view-line) .elementor-divider-separator:after,.elementor-widget-divider--separator-type-pattern:not(.elementor-widget-divider--view-line) .elementor-divider-separator:before,.elementor-widget-divider--separator-type-pattern:not([class*=elementor-widget-divider--view]) .elementor-divider-separator{width:100%;min-height:var(--divider-pattern-height);-webkit-mask-size:var(--divider-pattern-size) 100%;mask-size:var(--divider-pattern-size) 100%;-webkit-mask-repeat:var(--divider-pattern-repeat);mask-repeat:var(--divider-pattern-repeat);background-color:var(--divider-color);-webkit-mask-image:var(--divider-pattern-url);mask-image:var(--divider-pattern-url)}.elementor-widget-divider--no-spacing{--divider-pattern-size:auto}.elementor-widget-divider--bg-round{--divider-pattern-repeat:round}.rtl .elementor-widget-divider .elementor-divider__text{direction:rtl}<\/style>\n<style>\/*! elementor - v3.6.5 - 27-04-2022 *\/\n.elementor-widget-image{text-align:center}.elementor-widget-image a{display:inline-block}.elementor-widget-image a img[src$=\".svg\"]{width:48px}.elementor-widget-image img{vertical-align:middle;display:inline-block}<\/style>\n<p>\t\t\t\t\t\t\t\t\t\t\t\t<img decoding=\"async\" width=\"1024\" height=\"476\" src=\"http:\/\/wp.sonnebring.se\/wp-content\/uploads\/2022\/04\/foto_stalma_4-e1653040637389-1024x476.jpg\" alt=\"\" loading=\"lazy\" srcset=\"http:\/\/wp.sonnebring.se\/wp-content\/uploads\/2022\/04\/foto_stalma_4-e1653040637389-1024x476.jpg 1024w, http:\/\/wp.sonnebring.se\/wp-content\/uploads\/2022\/04\/foto_stalma_4-e1653040637389-300x140.jpg 300w, http:\/\/wp.sonnebring.se\/wp-content\/uploads\/2022\/04\/foto_stalma_4-e1653040637389-768x357.jpg 768w, http:\/\/wp.sonnebring.se\/wp-content\/uploads\/2022\/04\/foto_stalma_4-e1653040637389-18x8.jpg 18w, http:\/\/wp.sonnebring.se\/wp-content\/uploads\/2022\/04\/foto_stalma_4-e1653040637389.jpg 1400w\" sizes=\"auto, (max-width: 1024px) 100vw, 1024px\" \/>\t\t\t\t\t\t\t\t\t\t\t\t\t\t\t<\/p>\n<h2>Bright bars<\/h2>\n<p>The product range consists of cold drawn, shell-turned and ground rod.<\/p>\n<p>\t\t\t<a href=\"\/en\/blank-stang\/\" role=\"button\"><br \/>\n\t\t\t\t\t\tBright bars<br \/>\n\t\t\t\t\t<\/a><br \/>\n\t\t\t\t\t\t\t\t\t\t\t\t\t\t\t<img decoding=\"async\" width=\"320\" height=\"250\" src=\"http:\/\/wp.sonnebring.se\/wp-content\/uploads\/2022\/04\/start5-320x250-1.jpg\" alt=\"\" loading=\"lazy\" srcset=\"http:\/\/wp.sonnebring.se\/wp-content\/uploads\/2022\/04\/start5-320x250-1.jpg 320w, http:\/\/wp.sonnebring.se\/wp-content\/uploads\/2022\/04\/start5-320x250-1-300x234.jpg 300w\" sizes=\"auto, (max-width: 320px) 100vw, 320px\" \/>\t\t\t\t\t\t\t\t\t\t\t\t\t\t\t<\/p>\n<h2>Hot rolled bars<\/h2>\n<p>The product range consists of hot-rolled flat and 4K bars as well as symmetrical profiles.<\/p>\n<p>\t\t\t<a href=\"\/en\/varmvalsad-stang\/\" role=\"button\"><br \/>\n\t\t\t\t\t\tHot rolled bars<br \/>\n\t\t\t\t\t<\/a><br \/>\n\t\t\t\t\t\t\t\t\t\t\t\t\t\t\t<img decoding=\"async\" width=\"320\" height=\"250\" src=\"http:\/\/wp.sonnebring.se\/wp-content\/uploads\/2022\/04\/start13-320x250-1.jpg\" alt=\"\" loading=\"lazy\" srcset=\"http:\/\/wp.sonnebring.se\/wp-content\/uploads\/2022\/04\/start13-320x250-1.jpg 320w, http:\/\/wp.sonnebring.se\/wp-content\/uploads\/2022\/04\/start13-320x250-1-300x234.jpg 300w\" sizes=\"auto, (max-width: 320px) 100vw, 320px\" \/>\t\t\t\t\t\t\t\t\t\t\t\t\t\t\t<\/p>\n<h2>Special profiles<\/h2>\n<p>The product range consists of cold-drawn, hot-rolled, cold-rolled, extruded (extruded) and roll-shaped profiles, which cover most needs.<\/p>\n<p>\t\t\t<a href=\"\/en\/Specialprofiler\/\" role=\"button\"><br \/>\n\t\t\t\t\t\tSpecial profiles<br \/>\n\t\t\t\t\t<\/a><br \/>\n\t\t\t\t\t\t\t\t\t\t\t\t\t\t\t<img decoding=\"async\" width=\"1024\" height=\"682\" src=\"http:\/\/wp.sonnebring.se\/wp-content\/uploads\/2022\/05\/Bild-trad-1024x682.jpg\" alt=\"\" loading=\"lazy\" srcset=\"http:\/\/wp.sonnebring.se\/wp-content\/uploads\/2022\/05\/Bild-trad-1024x682.jpg 1024w, http:\/\/wp.sonnebring.se\/wp-content\/uploads\/2022\/05\/Bild-trad-300x200.jpg 300w, http:\/\/wp.sonnebring.se\/wp-content\/uploads\/2022\/05\/Bild-trad-768x512.jpg 768w, http:\/\/wp.sonnebring.se\/wp-content\/uploads\/2022\/05\/Bild-trad-1536x1023.jpg 1536w, http:\/\/wp.sonnebring.se\/wp-content\/uploads\/2022\/05\/Bild-trad-18x12.jpg 18w, http:\/\/wp.sonnebring.se\/wp-content\/uploads\/2022\/05\/Bild-trad.jpg 1681w\" sizes=\"auto, (max-width: 1024px) 100vw, 1024px\" \/>\t\t\t\t\t\t\t\t\t\t\t\t\t\t\t<\/p>\n<h2>Wire<\/h2>\n<p>The product range consists of drawn, flat-rolled and copper-plated wire.<\/p>\n<p>\t\t\t<a href=\"\/en\/trad\/\" role=\"button\"><br \/>\n\t\t\t\t\t\twire<br \/>\n\t\t\t\t\t<\/a><\/p>\n<h2>Do you need steel profiles?<\/h2>\n<p>Do you have questions or concerns about steel profiles<\/p>\n<p>\t\t\t<a href=\"\/en\/kontakt\/\" role=\"button\"><br \/>\n\t\t\t\t\t\tContact us<br \/>\n\t\t\t\t\t<\/a><\/p>","protected":false},"excerpt":{"rendered":"<p>V\u00e5ra produkter Blank st\u00e5ng Produktprogrammet best\u00e5r av kalldragen, skalsvarvad och slipad st\u00e5ng. blank st\u00e5ng Varmvalsad st\u00e5ng Produktprogrammet best\u00e5r av varmvalsad platt- och 4K-st\u00e5ng samt symmetriska profiler. Varmvalsad st\u00e5ng Specialprofiler Produktprogrammet best\u00e5r av kalldragna, varmvalsade, kallvalsade, extruderade (str\u00e4ngpressade) och rullformade profiler, som t\u00e4cker de flesta behov. Specialprofiler Tr\u00e5d Produktprogrammet best\u00e5r av dragen, plattvalsad och kopparbelagd tr\u00e5d. [&hellip;]<\/p>","protected":false},"author":3,"featured_media":0,"parent":0,"menu_order":0,"comment_status":"closed","ping_status":"closed","template":"","meta":{"site-sidebar-layout":"no-sidebar","site-content-layout":"page-builder","ast-site-content-layout":"default","site-content-style":"default","site-sidebar-style":"default","ast-global-header-display":"","ast-banner-title-visibility":"","ast-main-header-display":"","ast-hfb-above-header-display":"","ast-hfb-below-header-display":"","ast-hfb-mobile-header-display":"","site-post-title":"disabled","ast-breadcrumbs-content":"","ast-featured-img":"disabled","footer-sml-layout":"","ast-disable-related-posts":"","theme-transparent-header-meta":"","adv-header-id-meta":"","stick-header-meta":"","header-above-stick-meta":"","header-main-stick-meta":"","header-below-stick-meta":"","astra-migrate-meta-layouts":"default","ast-page-background-enabled":"default","ast-page-background-meta":{"desktop":{"background-color":"","background-image":"","background-repeat":"repeat","background-position":"center center","background-size":"auto","background-attachment":"scroll","background-type":"","background-media":"","overlay-type":"","overlay-color":"","overlay-opacity":"","overlay-gradient":""},"tablet":{"background-color":"","background-image":"","background-repeat":"repeat","background-position":"center center","background-size":"auto","background-attachment":"scroll","background-type":"","background-media":"","overlay-type":"","overlay-color":"","overlay-opacity":"","overlay-gradient":""},"mobile":{"background-color":"","background-image":"","background-repeat":"repeat","background-position":"center center","background-size":"auto","background-attachment":"scroll","background-type":"","background-media":"","overlay-type":"","overlay-color":"","overlay-opacity":"","overlay-gradient":""}},"ast-content-background-meta":{"desktop":{"background-color":"var(--ast-global-color-5)","background-image":"","background-repeat":"repeat","background-position":"center center","background-size":"auto","background-attachment":"scroll","background-type":"","background-media":"","overlay-type":"","overlay-color":"","overlay-opacity":"","overlay-gradient":""},"tablet":{"background-color":"var(--ast-global-color-5)","background-image":"","background-repeat":"repeat","background-position":"center center","background-size":"auto","background-attachment":"scroll","background-type":"","background-media":"","overlay-type":"","overlay-color":"","overlay-opacity":"","overlay-gradient":""},"mobile":{"background-color":"var(--ast-global-color-5)","background-image":"","background-repeat":"repeat","background-position":"center center","background-size":"auto","background-attachment":"scroll","background-type":"","background-media":"","overlay-type":"","overlay-color":"","overlay-opacity":"","overlay-gradient":""}},"footnotes":""},"class_list":["post-916","page","type-page","status-publish","hentry"],"_links":{"self":[{"href":"https:\/\/wp.sonnebring.se\/en\/wp-json\/wp\/v2\/pages\/916","targetHints":{"allow":["GET"]}}],"collection":[{"href":"https:\/\/wp.sonnebring.se\/en\/wp-json\/wp\/v2\/pages"}],"about":[{"href":"https:\/\/wp.sonnebring.se\/en\/wp-json\/wp\/v2\/types\/page"}],"author":[{"embeddable":true,"href":"https:\/\/wp.sonnebring.se\/en\/wp-json\/wp\/v2\/users\/3"}],"replies":[{"embeddable":true,"href":"https:\/\/wp.sonnebring.se\/en\/wp-json\/wp\/v2\/comments?post=916"}],"version-history":[{"count":37,"href":"https:\/\/wp.sonnebring.se\/en\/wp-json\/wp\/v2\/pages\/916\/revisions"}],"predecessor-version":[{"id":1274,"href":"https:\/\/wp.sonnebring.se\/en\/wp-json\/wp\/v2\/pages\/916\/revisions\/1274"}],"wp:attachment":[{"href":"https:\/\/wp.sonnebring.se\/en\/wp-json\/wp\/v2\/media?parent=916"}],"curies":[{"name":"wp","href":"https:\/\/api.w.org\/{rel}","templated":true}]}}